{"id":542,"date":"2017-08-07T15:18:22","date_gmt":"2017-08-07T13:18:22","guid":{"rendered":"https:\/\/www.hmed.it\/hotel-near-beach-pesaro\/"},"modified":"2017-08-23T11:46:03","modified_gmt":"2017-08-23T09:46:03","slug":"hotel-pres-de-la-mer-pesaro","status":"publish","type":"page","link":"https:\/\/www.hmed.it\/fr\/hotel-pres-de-la-mer-pesaro\/","title":{"rendered":"Hotel pr\u00e8s de la mer Pesaro"},"content":{"rendered":"<h2>Hotel Pesaro 50 m\u00e8tres de la mer&#8230;. Sable fin, propre et \u00e9quip\u00e9e t&rsquo;\u00e9sp\u00e8re pour une vacance inoubliable<\/h2>\n<p>Notre plage, \u00e0 seulement 50 m\u00e8tres, se compose des eaux peu profondes et de sable fin, pour cette famille-amical.<\/p>\n<h3>L&rsquo;h\u00f4tel a un accord pour le service de plage, qui fournira gratuitement de cabines. Un prix convenu, vous pouvez louer des parasols et des transats.<\/h3>\n<h4><strong> A proximit\u00e9:<\/strong><\/h4>\n<ul>\n<li>Planche \u00e0 voile \u00e9cole avec des instructeurs qualifi\u00e9s, le d\u00e9p\u00f4t et le loyer pour les conseils et les voiles.<\/li>\n<li>Ecole de Voile du lundi au vendredi.<\/li>\n<li>Ecole de surf et location de tables dans les bains 34.<\/li>\n<\/ul>\n<p>Capacit\u00e9 \u00e0 organiser son quotidien Charters sorties de 8 m\u00e8tres. FIV avec des instructeurs qualifi\u00e9s pour les cours de 3-5-7 jours.<\/p>\n","protected":false},"excerpt":{"rendered":"<p>Hotel Pesaro 50 m\u00e8tres de la mer&#8230;. Sable fin, propre et \u00e9quip\u00e9e t&rsquo;\u00e9sp\u00e8re pour une vacance inoubliable Notre plage, \u00e0 seulement 50 m\u00e8tres, se compose des eaux peu profondes et de sable fin, pour cette famille-amical. L&rsquo;h\u00f4tel a un accord pour le service de plage, qui fournira gratuitement de cabines. Un prix convenu, vous pouvez louer des parasols et des transats. A proximit\u00e9: Planche \u00e0 voile \u00e9cole avec des instructeurs &#8230;<\/p>\n","protected":false},"author":1,"featured_media":0,"parent":0,"menu_order":0,"comment_status":"closed","ping_status":"closed","template":"","meta":{"_acf_changed":false},"class_list":["post-542","page","type-page","status-publish","hentry"],"acf":[],"_links":{"self":[{"href":"https:\/\/www.hmed.it\/fr\/wp-json\/wp\/v2\/pages\/542","targetHints":{"allow":["GET"]}}],"collection":[{"href":"https:\/\/www.hmed.it\/fr\/wp-json\/wp\/v2\/pages"}],"about":[{"href":"https:\/\/www.hmed.it\/fr\/wp-json\/wp\/v2\/types\/page"}],"author":[{"embeddable":true,"href":"https:\/\/www.hmed.it\/fr\/wp-json\/wp\/v2\/users\/1"}],"replies":[{"embeddable":true,"href":"https:\/\/www.hmed.it\/fr\/wp-json\/wp\/v2\/comments?post=542"}],"version-history":[{"count":0,"href":"https:\/\/www.hmed.it\/fr\/wp-json\/wp\/v2\/pages\/542\/revisions"}],"wp:attachment":[{"href":"https:\/\/www.hmed.it\/fr\/wp-json\/wp\/v2\/media?parent=542"}],"curies":[{"name":"wp","href":"https:\/\/api.w.org\/{rel}","templated":true}]}}