{"id":538,"date":"2017-08-08T18:46:10","date_gmt":"2017-08-08T16:46:10","guid":{"rendered":"https:\/\/www.hmed.it\/pesaro-and-hinterland\/"},"modified":"2017-09-13T10:15:16","modified_gmt":"2017-09-13T08:15:16","slug":"pesaro-et-arriere-pays","status":"publish","type":"page","link":"https:\/\/www.hmed.it\/fr\/pesaro-et-arriere-pays\/","title":{"rendered":"D\u00e9couvrir Pesaro"},"content":{"rendered":"<p><strong>Pesaro<\/strong>, situ\u00e9e sur la mer Adriatique, est une station baln\u00e9aire accueillante; depuis le d\u00e9but du si\u00e8cle, a exprim\u00e9 sa vocation \u00e0 l&rsquo;hospitalit\u00e9.<br \/>\nIl offre une grande plage, bien \u00e9quip\u00e9e, avec de l&rsquo;eau calme et en eau peu profonde, pour le divertissement des enfants et des adultes en toute confiance.<br \/>\nLe centre historique est \u00e9quip\u00e9 de toutes les commodit\u00e9s d&rsquo;une capitale organis\u00e9e.<\/p>\n<h2>En quelques minutes, vous pouvez acc\u00e9der \u00e0 des villas et des petits villages:<\/h2>\n<ul>\n<li>au dix-huiti\u00e8me si\u00e8cle, <strong>Villa Caprile<\/strong> avec ses amusants jeux d&rsquo;eau,<\/li>\n<li><strong>Villa Imperiale<\/strong>, un ancien pavillon de chasse et la jouissance des Della Rovere,<\/li>\n<li><strong>ville natale de Gioacchino Rossini<\/strong>, connu comme le cygne de Pesaro et compositeur d&rsquo;op\u00e9ras populaires du XIXe si\u00e8cle, ainsi que le<strong> th\u00e9\u00e2tre<\/strong> lui est consacr\u00e9.<\/li>\n<\/ul>\n<p>Aujourd\u2019hui, Pesaro, aves ses h\u00f4tels modernes, assure une excellente r\u00e9ception et offre un large choix dans le traitement et la disponibilit\u00e0 des services, digne de sa longue tradition.<\/p>\n<h2>Arri\u00e8re-pays:<\/h2>\n<ul>\n<li><strong>Gradara<\/strong> PU 14,5 km \u2013 19 min<\/li>\n<li><strong>San Leo<\/strong> PU 70,7 km \u2013 1 h 29 min<\/li>\n<li><strong>San Marino<\/strong> 55,0 km \u2013 52 min<\/li>\n<li><strong>Urbino<\/strong> PU 36,8 km \u2013 50 min<\/li>\n<li><strong>Ravenna<\/strong> RA 100 km \u2013 1 h 16 min<\/li>\n<li><strong>Frasassi<\/strong> AN 106 km \u2013 1 h23 min<\/li>\n<\/ul>\n","protected":false},"excerpt":{"rendered":"<p>Pesaro, situ\u00e9e sur la mer Adriatique, est une station baln\u00e9aire accueillante; depuis le d\u00e9but du si\u00e8cle, a exprim\u00e9 sa vocation \u00e0 l&rsquo;hospitalit\u00e9. Il offre une grande plage, bien \u00e9quip\u00e9e, avec de l&rsquo;eau calme et en eau peu profonde, pour le divertissement des enfants et des adultes en toute confiance. Le centre historique est \u00e9quip\u00e9 de toutes les commodit\u00e9s d&rsquo;une capitale organis\u00e9e. En quelques minutes, vous pouvez acc\u00e9der \u00e0 des villas &#8230;<\/p>\n","protected":false},"author":1,"featured_media":0,"parent":0,"menu_order":0,"comment_status":"closed","ping_status":"closed","template":"","meta":{"_acf_changed":false},"class_list":["post-538","page","type-page","status-publish","hentry"],"acf":[],"_links":{"self":[{"href":"https:\/\/www.hmed.it\/fr\/wp-json\/wp\/v2\/pages\/538","targetHints":{"allow":["GET"]}}],"collection":[{"href":"https:\/\/www.hmed.it\/fr\/wp-json\/wp\/v2\/pages"}],"about":[{"href":"https:\/\/www.hmed.it\/fr\/wp-json\/wp\/v2\/types\/page"}],"author":[{"embeddable":true,"href":"https:\/\/www.hmed.it\/fr\/wp-json\/wp\/v2\/users\/1"}],"replies":[{"embeddable":true,"href":"https:\/\/www.hmed.it\/fr\/wp-json\/wp\/v2\/comments?post=538"}],"version-history":[{"count":0,"href":"https:\/\/www.hmed.it\/fr\/wp-json\/wp\/v2\/pages\/538\/revisions"}],"wp:attachment":[{"href":"https:\/\/www.hmed.it\/fr\/wp-json\/wp\/v2\/media?parent=538"}],"curies":[{"name":"wp","href":"https:\/\/api.w.org\/{rel}","templated":true}]}}