{"id":535,"date":"2017-08-07T18:12:18","date_gmt":"2017-08-07T16:12:18","guid":{"rendered":"https:\/\/www.hmed.it\/pricelist\/"},"modified":"2017-08-24T10:01:06","modified_gmt":"2017-08-24T08:01:06","slug":"liste-de-prix","status":"publish","type":"page","link":"https:\/\/www.hmed.it\/fr\/liste-de-prix\/","title":{"rendered":"Liste de prix 2017 d\u00e9couvrez notre nouvelle offre Tout compris"},"content":{"rendered":"<h2><span id=\"result_box\" class=\"short_text\" lang=\"fr\" tabindex=\"-1\"><span class=\"\">R\u00e9ductions et promotions<\/span><\/span><\/h2>\n<table style=\"height: 246px;\" width=\"1059\">\n<thead>\n<tr style=\"background-color: #78bcb2;\">\n<td style=\"width: 257px; text-align: center;\">\n<h3>P\u00e9riode<\/h3>\n<\/td>\n<td style=\"width: 258px; text-align: center;\">\n<h3>B&amp;B<\/h3>\n<\/td>\n<td style=\"width: 258px; text-align: center;\">\n<h3>Demi-pension<\/h3>\n<\/td>\n<td style=\"width: 258px; text-align: center;\">\n<h3>Pension compl\u00e8te<\/h3>\n<\/td>\n<\/tr>\n<\/thead>\n<tbody>\n<tr>\n<td style=\"width: 257px; text-align: center;\">\n<h4><strong>\u00a001\/01\/17 &#8211; 31\/05\/17<\/strong><\/h4>\n<\/td>\n<td style=\"width: 258px; text-align: center;\">\n<h4><strong>\u00a0\u20ac 37,00<\/strong><\/h4>\n<\/td>\n<td style=\"width: 258px; text-align: center;\">\n<h4><strong>\u00a0\u00a0\u20ac 47,00<\/strong><\/h4>\n<\/td>\n<td style=\"width: 258px; text-align: center;\">\n<h4><strong>\u00a0 \u20ac 49,00<\/strong><\/h4>\n<\/td>\n<\/tr>\n<tr>\n<td style=\"width: 257px; text-align: center;\">\n<h4><strong>\u00a0\u00a001\/06\/17 &#8211; 30\/06\/17<\/strong><\/h4>\n<\/td>\n<td style=\"width: 258px; text-align: center;\">\n<h4><strong>\u00a0 \u20ac 44,00<\/strong><\/h4>\n<\/td>\n<td style=\"width: 258px; text-align: center;\">\n<h4><strong>\u00a0\u20ac 55,00<\/strong><\/h4>\n<\/td>\n<td style=\"width: 258px; text-align: center;\">\n<h4><strong>\u00a0 \u20ac 57,00<\/strong><\/h4>\n<\/td>\n<\/tr>\n<tr>\n<td style=\"width: 257px; text-align: center;\">\n<h4><strong>\u00a0\u00a001\/07\/16 &#8211; 04\/08\/17<\/strong><\/h4>\n<\/td>\n<td style=\"width: 258px; text-align: center;\">\n<h4><strong>\u00a0 \u20ac 50,00<\/strong><\/h4>\n<\/td>\n<td style=\"width: 258px; text-align: center;\">\n<h4><strong>\u00a0\u20ac 60,00<\/strong><\/h4>\n<\/td>\n<td style=\"width: 258px; text-align: center;\">\n<h4><strong>\u00a0 \u20ac 63,00<\/strong><\/h4>\n<\/td>\n<\/tr>\n<tr>\n<td style=\"width: 257px; text-align: center;\">\n<h4><strong>\u00a0 05\/08\/17 &#8211; 22\/08\/17<\/strong><\/h4>\n<\/td>\n<td style=\"width: 258px; text-align: center;\">\n<h4><strong>\u00a0\u20ac 73,00<\/strong><\/h4>\n<\/td>\n<td style=\"width: 258px; text-align: center;\">\n<h4><strong>\u00a0\u20ac 75,00<\/strong><\/h4>\n<\/td>\n<td style=\"width: 258px; text-align: center;\">\n<h4><strong>\u00a0\u20ac 78,00<\/strong><\/h4>\n<\/td>\n<\/tr>\n<tr>\n<td style=\"width: 257px; text-align: center;\">\n<h4><strong>\u00a023\/08\/17 &#8211; 01\/09\/17<\/strong><\/h4>\n<\/td>\n<td style=\"width: 258px; text-align: center;\">\n<h4><strong>\u00a0 \u20ac 50,00<\/strong><\/h4>\n<\/td>\n<td style=\"width: 258px; text-align: center;\">\n<h4><strong>\u00a0\u20ac 60,00<\/strong><\/h4>\n<\/td>\n<td style=\"width: 258px; text-align: center;\">\n<h4><strong>\u00a0 \u20ac 63,00<\/strong><\/h4>\n<\/td>\n<\/tr>\n<tr>\n<td style=\"width: 257px; text-align: center;\">\n<h4><strong>\u00a0\u00a002\/09\/17 &#8211; 11\/09\/17<\/strong><\/h4>\n<\/td>\n<td style=\"width: 258px; text-align: center;\">\n<h4><strong>\u00a0\u20ac 44,00<\/strong><\/h4>\n<\/td>\n<td style=\"width: 258px; text-align: center;\">\n<h4><strong>\u00a0\u20ac 55,00<\/strong><\/h4>\n<\/td>\n<td style=\"width: 258px; text-align: center;\">\n<h4><strong>\u00a0\u20ac 57,00<\/strong><\/h4>\n<\/td>\n<\/tr>\n<tr>\n<td style=\"width: 257px; text-align: center;\">\n<h4><strong>\u00a0\u00a012\/09\/17 &#8211; 31\/12\/17<\/strong><\/h4>\n<\/td>\n<td style=\"width: 258px; text-align: center;\">\n<h4><strong>\u00a0 \u20ac 37,00<\/strong><\/h4>\n<\/td>\n<td style=\"width: 258px; text-align: center;\">\n<h4><strong>\u00a0\u20ac 47,00<\/strong><\/h4>\n<\/td>\n<td style=\"width: 258px; text-align: center;\">\n<h4><strong>\u00a0\u20ac 49,00<\/strong><\/h4>\n<\/td>\n<\/tr>\n<\/tbody>\n<\/table>\n<p><strong>Les prix sont par jour, par personne, pour un s\u00e9jour minimum de 3 jours.<\/strong><\/p>\n<p>&#8230;&#8230;&#8230;&#8230;&#8230;&#8230;&#8230;&#8230;&#8230;&#8230;&#8230;&#8230;&#8230;&#8230;&#8230;&#8230;&#8230;&#8230;&#8230;&#8230;&#8230;&#8230;&#8230;&#8230;&#8230;&#8230;&#8230;&#8230;&#8230;&#8230;&#8230;&#8230;&#8230;&#8230;&#8230;&#8230;&#8230;&#8230;&#8230;&#8230;&#8230;&#8230;&#8230;&#8230;&#8230;&#8230;&#8230;&#8230;&#8230;&#8230;&#8230;&#8230;&#8230;&#8230;&#8230;&#8230;&#8230;&#8230;&#8230;&#8230;&#8230;&#8230;&#8230;&#8230;&#8230;&#8230;&#8230;&#8230;&#8230;&#8230;&#8230;&#8230;&#8230;&#8230;&#8230;&#8230;&#8230;&#8230;<\/p>\n<h2>Suppl\u00e9ments:<\/h2>\n<ul>\n<li>Suppl\u00e9ment <strong>\u20ac 3,00 par jour<\/strong>, par pers. pour s\u00e9jours de mo\u00ecns de 3 jours<\/li>\n<li><strong>Chambres avec vue sur le mer<\/strong>: \u20ac 2,00 par jour par personne<\/li>\n<li><strong>Chambres singuli\u00e8re:<\/strong> \u20ac 10,00 par jour (du 01.08 au 25.08 + \u20ac 15,00)<\/li>\n<li><strong>Chambre double pour singuli\u00e8re<\/strong>: \u20ac 10,00 par jour (du 25.07 au 25.08 + 50% du prix)<\/li>\n<li><strong>Berceau<\/strong>: \u20ac 10,00 par jour<\/li>\n<li><strong>Animaux<\/strong>: \u20ac 2,00 par jour et + \u20ac 10,00 \u00e0 la fin du s\u00e9jour<\/li>\n<\/ul>\n<p>Les chambres sont disponibles \u00e0 partir du 12.00 heures du jour d&rsquo; arrive et il faut les livrer d&rsquo;abord de 09.00 heures du jour de d\u00e9part.<\/p>\n<p>&#8230;&#8230;&#8230;&#8230;&#8230;&#8230;&#8230;&#8230;&#8230;&#8230;&#8230;&#8230;&#8230;&#8230;&#8230;&#8230;&#8230;&#8230;&#8230;&#8230;&#8230;&#8230;&#8230;&#8230;&#8230;&#8230;&#8230;&#8230;&#8230;&#8230;&#8230;&#8230;&#8230;&#8230;&#8230;&#8230;&#8230;&#8230;&#8230;&#8230;&#8230;&#8230;&#8230;&#8230;&#8230;&#8230;&#8230;&#8230;&#8230;&#8230;&#8230;&#8230;&#8230;&#8230;&#8230;&#8230;&#8230;&#8230;&#8230;&#8230;&#8230;&#8230;&#8230;&#8230;&#8230;&#8230;&#8230;&#8230;&#8230;&#8230;&#8230;&#8230;&#8230;&#8230;&#8230;&#8230;&#8230;&#8230;<\/p>\n<h2>Special pour les familles:<\/h2>\n<ul>\n<li><strong>R\u00e9duction du 50%<\/strong> pour la 3\u00b0et 4\u00b0 personne dans la chambre (du 01.08 au 25.08 r\u00e9duction 30%)<\/li>\n<\/ul>\n<p>&#8230;&#8230;&#8230;&#8230;&#8230;&#8230;&#8230;&#8230;&#8230;&#8230;&#8230;&#8230;&#8230;&#8230;&#8230;&#8230;&#8230;&#8230;&#8230;&#8230;&#8230;&#8230;&#8230;&#8230;&#8230;&#8230;&#8230;&#8230;&#8230;&#8230;&#8230;&#8230;&#8230;&#8230;&#8230;&#8230;&#8230;&#8230;&#8230;&#8230;&#8230;&#8230;&#8230;&#8230;&#8230;&#8230;&#8230;&#8230;&#8230;&#8230;&#8230;&#8230;&#8230;&#8230;&#8230;&#8230;&#8230;&#8230;&#8230;&#8230;&#8230;&#8230;&#8230;&#8230;&#8230;&#8230;&#8230;&#8230;&#8230;&#8230;&#8230;&#8230;&#8230;&#8230;&#8230;&#8230;&#8230;&#8230;<\/p>\n<h2>Le Paquet All Inclusive comprend:<\/h2>\n<ul>\n<li><strong>eau mineral et vin<\/strong> pour les r\u00e9pas<\/li>\n<li><strong>1 Parasol + 2 chaise-longues \u00e0 la plage<\/strong>, par chambre<\/li>\n<li><strong>Air Conditionn\u00e9e<\/strong> dans la chambre<\/li>\n<li><strong>Internet wi-fi<\/strong> jusqu\u2019au 4 heures<\/li>\n<li><strong>Velos<\/strong><\/li>\n<\/ul>\n<p><strong>Suppl\u00e9ment Euro 10,00<\/strong> par jour, par personne.<br \/>\n<strong>Du 08 au 25 aout<\/strong>: Euro 12,00 par jour, par personne. 3\u00b0 et 4\u00b0 personne dans la chambre Euro 9,00 par jour.<br \/>\nLe Paquet All Inclusive est possible seulement pour s\u00e9jours <strong>minimum de 7 jours.<\/strong><\/p>\n<p>&nbsp;<\/p>\n<h3>\u00a0<a class=\"button-secondary edt-button-secondary \" target=\"_blank\" href=\"https:\/\/www.hmed.it\/fr\/donnees-pour-caution\/\">\u00a0<span id=\"result_box\" class=\"short_text\" lang=\"fr\" tabindex=\"-1\">Informations utiles pour payer la caution <\/span><\/a><\/h3>\n","protected":false},"excerpt":{"rendered":"<p>R\u00e9ductions et promotions P\u00e9riode B&amp;B Demi-pension Pension compl\u00e8te \u00a001\/01\/17 &#8211; 31\/05\/17 \u00a0\u20ac 37,00 \u00a0\u00a0\u20ac 47,00 \u00a0 \u20ac 49,00 \u00a0\u00a001\/06\/17 &#8211; 30\/06\/17 \u00a0 \u20ac 44,00 \u00a0\u20ac 55,00 \u00a0 \u20ac 57,00 \u00a0\u00a001\/07\/16 &#8211; 04\/08\/17 \u00a0 \u20ac 50,00 \u00a0\u20ac 60,00 \u00a0 \u20ac 63,00 \u00a0 05\/08\/17 &#8211; 22\/08\/17 \u00a0\u20ac 73,00 \u00a0\u20ac 75,00 \u00a0\u20ac 78,00 \u00a023\/08\/17 &#8211; 01\/09\/17 \u00a0 \u20ac 50,00 \u00a0\u20ac 60,00 \u00a0 \u20ac 63,00 \u00a0\u00a002\/09\/17 &#8211; 11\/09\/17 \u00a0\u20ac 44,00 \u00a0\u20ac 55,00 \u00a0\u20ac 57,00 &#8230;<\/p>\n","protected":false},"author":1,"featured_media":0,"parent":0,"menu_order":0,"comment_status":"closed","ping_status":"closed","template":"","meta":{"_acf_changed":false},"class_list":["post-535","page","type-page","status-publish","hentry"],"acf":[],"_links":{"self":[{"href":"https:\/\/www.hmed.it\/fr\/wp-json\/wp\/v2\/pages\/535","targetHints":{"allow":["GET"]}}],"collection":[{"href":"https:\/\/www.hmed.it\/fr\/wp-json\/wp\/v2\/pages"}],"about":[{"href":"https:\/\/www.hmed.it\/fr\/wp-json\/wp\/v2\/types\/page"}],"author":[{"embeddable":true,"href":"https:\/\/www.hmed.it\/fr\/wp-json\/wp\/v2\/users\/1"}],"replies":[{"embeddable":true,"href":"https:\/\/www.hmed.it\/fr\/wp-json\/wp\/v2\/comments?post=535"}],"version-history":[{"count":0,"href":"https:\/\/www.hmed.it\/fr\/wp-json\/wp\/v2\/pages\/535\/revisions"}],"wp:attachment":[{"href":"https:\/\/www.hmed.it\/fr\/wp-json\/wp\/v2\/media?parent=535"}],"curies":[{"name":"wp","href":"https:\/\/api.w.org\/{rel}","templated":true}]}}