{"id":533,"date":"2017-08-08T16:08:13","date_gmt":"2017-08-08T14:08:13","guid":{"rendered":"https:\/\/www.hmed.it\/data-to-send-deposit\/"},"modified":"2017-08-23T11:02:19","modified_gmt":"2017-08-23T09:02:19","slug":"donnees-pour-caution","status":"publish","type":"page","link":"https:\/\/www.hmed.it\/fr\/donnees-pour-caution\/","title":{"rendered":"Donn\u00e9es pour envoyer une caution"},"content":{"rendered":"<h2>Apr\u00e8s avoir fait une r\u00e9servation par t\u00e9l\u00e9phone ou par e-mail, il faut envoyer une caution.<\/h2>\n<p>Il peut \u00eatre fait par <strong>virement bancaire<\/strong>.<\/p>\n<p>&nbsp;<\/p>\n<h3><strong>Virement bancaire<\/strong>:<\/h3>\n<p>Banque du Cr\u00e9dit coop\u00e9ratif de Gradara (Direction de Pesaro)<br \/>\nC \/ C 000090100375<br \/>\nABI 8578 &#8211; CAB 13300 &#8211; CIN F &#8211; IBAN IT87\/F08578133 00000090100375<br \/>\nBIC \/ SWIFT ICRAITMMG20<br \/>\ncausale: accompte de r\u00e9servation du &#8230;au &#8230;famille &#8230;<\/p>\n<p>Apr\u00e8s avoir re\u00e7u un acompte, nous vous enverrons une lettre de confirmation<\/p>\n<ul>\n<li><strong>En cas d&rsquo;annulation, il n&rsquo;y aura aucun remboursement du d\u00e9p\u00f4t. <\/strong><\/li>\n<li><strong>Une interruption \u00e0 l&rsquo;avance de votre s\u00e9jour, exig\u00e9s pour trois nuits, calcul\u00e9e selon la p\u00e9riode. <\/strong><\/li>\n<\/ul>\n","protected":false},"excerpt":{"rendered":"<p>Apr\u00e8s avoir fait une r\u00e9servation par t\u00e9l\u00e9phone ou par e-mail, il faut envoyer une caution. Il peut \u00eatre fait par virement bancaire. &nbsp; Virement bancaire: Banque du Cr\u00e9dit coop\u00e9ratif de Gradara (Direction de Pesaro) C \/ C 000090100375 ABI 8578 &#8211; CAB 13300 &#8211; CIN F &#8211; IBAN IT87\/F08578133 00000090100375 BIC \/ SWIFT ICRAITMMG20 causale: accompte de r\u00e9servation du &#8230;au &#8230;famille &#8230; Apr\u00e8s avoir re\u00e7u un acompte, nous vous enverrons &#8230;<\/p>\n","protected":false},"author":1,"featured_media":0,"parent":0,"menu_order":0,"comment_status":"closed","ping_status":"closed","template":"","meta":{"_acf_changed":false},"class_list":["post-533","page","type-page","status-publish","hentry"],"acf":[],"_links":{"self":[{"href":"https:\/\/www.hmed.it\/fr\/wp-json\/wp\/v2\/pages\/533","targetHints":{"allow":["GET"]}}],"collection":[{"href":"https:\/\/www.hmed.it\/fr\/wp-json\/wp\/v2\/pages"}],"about":[{"href":"https:\/\/www.hmed.it\/fr\/wp-json\/wp\/v2\/types\/page"}],"author":[{"embeddable":true,"href":"https:\/\/www.hmed.it\/fr\/wp-json\/wp\/v2\/users\/1"}],"replies":[{"embeddable":true,"href":"https:\/\/www.hmed.it\/fr\/wp-json\/wp\/v2\/comments?post=533"}],"version-history":[{"count":0,"href":"https:\/\/www.hmed.it\/fr\/wp-json\/wp\/v2\/pages\/533\/revisions"}],"wp:attachment":[{"href":"https:\/\/www.hmed.it\/fr\/wp-json\/wp\/v2\/media?parent=533"}],"curies":[{"name":"wp","href":"https:\/\/api.w.org\/{rel}","templated":true}]}}