{"id":452,"date":"2016-07-29T12:11:55","date_gmt":"2016-07-29T10:11:55","guid":{"rendered":"https:\/\/www.hmed.it\/pagina-di-esempio\/"},"modified":"2017-09-15T16:58:35","modified_gmt":"2017-09-15T14:58:35","slug":"pagina-di-esempio","status":"publish","type":"page","link":"https:\/\/www.hmed.it\/fr\/","title":{"rendered":"Bienvenue \u00e0 l&rsquo;Hotel Mediterraneo, hotel annuel \u00e0 Pesaro"},"content":{"rendered":"<h2><span id=\"result_box\" class=\"\" lang=\"fr\" tabindex=\"-1\"><span class=\"alt-edited\">Id\u00e9al pour les familles et pour ceux qui se rendent \u00e0 Pesaro pour travailler<\/span><\/span><\/h2>\n<p>A Pesaro l&rsquo; Hotel 3 \u00e9toiles est situ\u00e9 dans une position de prestige sur la promenade de Viale Trieste, \u00e0 seulement <strong>20 m\u00e8tres de la plage<\/strong> et \u00e0 cot\u00e9 du centre de Pesaro. Facilement accessible de la foire et de l&rsquo;Arena Adriatique Pesaro, principal lieu de concerts et de conventions tout au long de l&rsquo;ann\u00e9e. Le restaurant de l&rsquo;Hotel, gr\u00e2ce \u00e0 son chef et chef p\u00e2tissier, propose des <strong>plats traditionnels avec des sp\u00e9cialit\u00e9s de la r\u00e9gion Marche<\/strong>, de poisson et de viande. Riches buffets des hors-d&rsquo;\u0153uvres et des l\u00e9gumes. Continental Breakfast. Dessert Buffet.<\/p>\n<p>A l&rsquo; Hotel Mediterraneo \u00e0 Pesaro, les chambres ont \u00e9t\u00e9 enti\u00e8rement r\u00e9nov\u00e9es. Elles ont toutes les commodit\u00e9s: TV, minibar, coffre-fort, air conditionn\u00e9, salle de bain priv\u00e9e avec douche ou baignoire et s\u00e8che-cheveux, articles de toilette.<br \/>\n<strong>Possible chambers avec vue sur la mer! <\/strong>Nous avons des v\u00e9los gratuits pour vos promenades \u00e0 Pesaro.<\/p>\n<div class=\"embed-responsive embed-responsive-16by9 edt-youtube-shortcode\">\n\t\t<iframe loading=\"lazy\" width=\"\" height=\"\" src=\"https:\/\/www.youtube.com\/embed\/SqeunNxobUw?rel=0\" frameborder=\"0\" allowfullscreen><\/iframe>\n\t<\/div>\n","protected":false},"excerpt":{"rendered":"<p>Id\u00e9al pour les familles et pour ceux qui se rendent \u00e0 Pesaro pour travailler A Pesaro l&rsquo; Hotel 3 \u00e9toiles est situ\u00e9 dans une position de prestige sur la promenade de Viale Trieste, \u00e0 seulement 20 m\u00e8tres de la plage et \u00e0 cot\u00e9 du centre de Pesaro. Facilement accessible de la foire et de l&rsquo;Arena Adriatique Pesaro, principal lieu de concerts et de conventions tout au long de l&rsquo;ann\u00e9e. Le &#8230;<\/p>\n","protected":false},"author":1,"featured_media":0,"parent":0,"menu_order":0,"comment_status":"closed","ping_status":"open","template":"","meta":{"_acf_changed":false},"class_list":["post-452","page","type-page","status-publish","hentry"],"acf":[],"_links":{"self":[{"href":"https:\/\/www.hmed.it\/fr\/wp-json\/wp\/v2\/pages\/452","targetHints":{"allow":["GET"]}}],"collection":[{"href":"https:\/\/www.hmed.it\/fr\/wp-json\/wp\/v2\/pages"}],"about":[{"href":"https:\/\/www.hmed.it\/fr\/wp-json\/wp\/v2\/types\/page"}],"author":[{"embeddable":true,"href":"https:\/\/www.hmed.it\/fr\/wp-json\/wp\/v2\/users\/1"}],"replies":[{"embeddable":true,"href":"https:\/\/www.hmed.it\/fr\/wp-json\/wp\/v2\/comments?post=452"}],"version-history":[{"count":0,"href":"https:\/\/www.hmed.it\/fr\/wp-json\/wp\/v2\/pages\/452\/revisions"}],"wp:attachment":[{"href":"https:\/\/www.hmed.it\/fr\/wp-json\/wp\/v2\/media?parent=452"}],"curies":[{"name":"wp","href":"https:\/\/api.w.org\/{rel}","templated":true}]}}