{"id":14164,"date":"2023-09-22T08:53:44","date_gmt":"2023-09-22T06:53:44","guid":{"rendered":"https:\/\/www.hmed.it\/dati-societari\/"},"modified":"2023-09-22T09:00:23","modified_gmt":"2023-09-22T07:00:23","slug":"donnees-sul-la-societe","status":"publish","type":"page","link":"https:\/\/www.hmed.it\/fr\/donnees-sul-la-societe\/","title":{"rendered":"Donn\u00e9es sul la Soci\u00e9t\u00e9"},"content":{"rendered":"<p>Denominazione e ragione sociale: <strong>Mediterraneo Hotel Pesaro &#8211; Tombari Sergio SRL<\/strong><br \/>\nSede legale:<br \/>\nUfficio registro delle imprese:<br \/>\nData atto costituzione:<br \/>\nData di iscrizione:<br \/>\nCapitale sociale:<br \/>\nCodice Fiscale e Partita IVA: <strong>IT02193200413<\/strong><br \/>\nPosta elettronica certificata (PEC):<br \/>\nNumero Repertorio economico amministrativo (Rea):<br \/>\nCapitale in bilancio (societ\u00e0 di capitali):<\/p>\n","protected":false},"excerpt":{"rendered":"<p>Denominazione e ragione sociale: Mediterraneo Hotel Pesaro &#8211; Tombari Sergio SRL Sede legale: Ufficio registro delle imprese: Data atto costituzione: Data di iscrizione: Capitale sociale: Codice Fiscale e Partita IVA: IT02193200413 Posta elettronica certificata (PEC): Numero Repertorio economico amministrativo (Rea): Capitale in bilancio (societ\u00e0 di capitali):<\/p>\n","protected":false},"author":1,"featured_media":0,"parent":0,"menu_order":0,"comment_status":"closed","ping_status":"closed","template":"","meta":{"_acf_changed":false},"class_list":["post-14164","page","type-page","status-publish","hentry"],"acf":[],"_links":{"self":[{"href":"https:\/\/www.hmed.it\/fr\/wp-json\/wp\/v2\/pages\/14164","targetHints":{"allow":["GET"]}}],"collection":[{"href":"https:\/\/www.hmed.it\/fr\/wp-json\/wp\/v2\/pages"}],"about":[{"href":"https:\/\/www.hmed.it\/fr\/wp-json\/wp\/v2\/types\/page"}],"author":[{"embeddable":true,"href":"https:\/\/www.hmed.it\/fr\/wp-json\/wp\/v2\/users\/1"}],"replies":[{"embeddable":true,"href":"https:\/\/www.hmed.it\/fr\/wp-json\/wp\/v2\/comments?post=14164"}],"version-history":[{"count":0,"href":"https:\/\/www.hmed.it\/fr\/wp-json\/wp\/v2\/pages\/14164\/revisions"}],"wp:attachment":[{"href":"https:\/\/www.hmed.it\/fr\/wp-json\/wp\/v2\/media?parent=14164"}],"curies":[{"name":"wp","href":"https:\/\/api.w.org\/{rel}","templated":true}]}}