{"id":578,"date":"2017-08-07T15:18:22","date_gmt":"2017-08-07T13:18:22","guid":{"rendered":"https:\/\/www.hmed.it\/hotel-pres-de-la-mer-pesaro\/"},"modified":"2017-08-23T16:45:28","modified_gmt":"2017-08-23T14:45:28","slug":"hotel-nahe-dem-meer-pesaro","status":"publish","type":"page","link":"https:\/\/www.hmed.it\/de\/hotel-nahe-dem-meer-pesaro\/","title":{"rendered":"Hotel nahe dem Meer Pesaro"},"content":{"rendered":"<h2>Hotel Pesaro 50 meter vom Meer entfernt&#8230;Feiner Sand, sauber und f\u00fcr einen unvergesslichen Urlaub ausgestattet<\/h2>\n<p>Unser Strand, nur 50 Meter und besteht aus flachem Wasser und feinem Sand, f\u00fcr diese Familie zu gestalten.<\/p>\n<h3>L&#8217;Hotel hat eine Vereinbarung f\u00fcr den Strand-Service, der freien Kabine und bieten Garderobe wird.<br \/>\nEin vereinbarten Preises, k\u00f6nnen Sie Sonnenschirme und Liegen mieten.<\/h3>\n<h4><strong> In der N\u00e4he:<\/strong><\/h4>\n<ul>\n<li>Windsurfing-Schule mit qualifizierten Lehrern, Kaution und Miete f\u00fcr Boards und Segel.<\/li>\n<li>Segelschule von Montag bis Freitag.<\/li>\n<li>Surf School und die Anmietung von Tabellen in den B\u00e4dern 34<\/li>\n<\/ul>\n<p>F\u00e4higkeit zur Planung und Ausg\u00e4nge Charters t\u00e4glich von 8 Metern. IVF mit qualifizierten Lehrern f\u00fcr Kurse 3-5-7 Tage.<\/p>\n","protected":false},"excerpt":{"rendered":"<p>Hotel Pesaro 50 meter vom Meer entfernt&#8230;Feiner Sand, sauber und f\u00fcr einen unvergesslichen Urlaub ausgestattet Unser Strand, nur 50 Meter und besteht aus flachem Wasser und feinem Sand, f\u00fcr diese Familie zu gestalten. L&#8217;Hotel hat eine Vereinbarung f\u00fcr den Strand-Service, der freien Kabine und bieten Garderobe wird. Ein vereinbarten Preises, k\u00f6nnen Sie Sonnenschirme und Liegen mieten. In der N\u00e4he: Windsurfing-Schule mit qualifizierten Lehrern, Kaution und Miete f\u00fcr Boards und Segel. &#8230;<\/p>\n","protected":false},"author":1,"featured_media":0,"parent":0,"menu_order":0,"comment_status":"closed","ping_status":"closed","template":"","meta":{"_acf_changed":false},"class_list":["post-578","page","type-page","status-publish","hentry"],"acf":[],"_links":{"self":[{"href":"https:\/\/www.hmed.it\/de\/wp-json\/wp\/v2\/pages\/578","targetHints":{"allow":["GET"]}}],"collection":[{"href":"https:\/\/www.hmed.it\/de\/wp-json\/wp\/v2\/pages"}],"about":[{"href":"https:\/\/www.hmed.it\/de\/wp-json\/wp\/v2\/types\/page"}],"author":[{"embeddable":true,"href":"https:\/\/www.hmed.it\/de\/wp-json\/wp\/v2\/users\/1"}],"replies":[{"embeddable":true,"href":"https:\/\/www.hmed.it\/de\/wp-json\/wp\/v2\/comments?post=578"}],"version-history":[{"count":0,"href":"https:\/\/www.hmed.it\/de\/wp-json\/wp\/v2\/pages\/578\/revisions"}],"wp:attachment":[{"href":"https:\/\/www.hmed.it\/de\/wp-json\/wp\/v2\/media?parent=578"}],"curies":[{"name":"wp","href":"https:\/\/api.w.org\/{rel}","templated":true}]}}