{"id":575,"date":"2017-08-08T18:46:10","date_gmt":"2017-08-08T16:46:10","guid":{"rendered":"https:\/\/www.hmed.it\/pesaro-et-arriere-pays\/"},"modified":"2017-09-13T10:15:26","modified_gmt":"2017-09-13T08:15:26","slug":"pesaro-und-hinterland","status":"publish","type":"page","link":"https:\/\/www.hmed.it\/de\/pesaro-und-hinterland\/","title":{"rendered":"Entdecke Pesaro"},"content":{"rendered":"<p><strong>Pesaro<\/strong> liegt an der Adria, ist ein gem\u00fctlicher Badeort; seit Beginn des Jahrhunderts, \u00e4u\u00dferte seine Berufung zur Gastlichkeit.<br \/>\nEs bietet eine breite Sandstrand, gut ausgestattet, mit ruhigem Wasser und seichtem Wasser, zur Unterhaltung von Kindern und Erwachsenen mit vollem Vertrauen.<br \/>\nDas historische Zentrum ist mit allen Annehmlichkeiten eines organisierten Kapital ausgestattet.<\/p>\n<h2>Innerhalb weniger Minuten k\u00f6nnen Sie Villen und kleine D\u00f6rfer zu erreichen:<\/h2>\n<ul>\n<li>die <strong>Villa Caprile<\/strong> des achtzehnten Jahrhunderts mit seinen Wasser-Spa\u00df-Spiele,<\/li>\n<li><strong>Villa Imperiale<\/strong>, einem alten Jagdhaus und Freude an der Della Rovere,<\/li>\n<li>dem Geburtsort von <strong>Gioacchino<\/strong> <strong>Rossini<\/strong>, bekannt als der Schwan vom Pesaro und Komponist der beliebtesten Opern des neunzehnten Jahrhunderts, sowie <strong>Theater<\/strong> widmete ihm.<\/li>\n<\/ul>\n<p>Heute Pesaro, mit ihren modernen Hotels, sorgt f\u00fcr einen gro\u00dfen Empfang und bietet eine gro\u00dfe Auswahl bei der Behandlung und Verf\u00fcgbarkeit von Diensten, verdient seinen lange Tradition.<\/p>\n<h2>Hinterland:<\/h2>\n<ul>\n<li><strong>Gradara<\/strong> PU 14,5 km \u2013 19 min<\/li>\n<li><strong>San Leo<\/strong> PU 70,7 km \u2013 1 h 29 min<\/li>\n<li><strong>San Marino<\/strong> 55,0 km \u2013 52 min<\/li>\n<li><strong>Urbino<\/strong> PU 36,8 km \u2013 50 min<\/li>\n<li><strong>Ravenna<\/strong> RA 100 km \u2013 1 h 16 min<\/li>\n<li><strong>Frasassi<\/strong> AN 106 km \u2013 1 h23 min<\/li>\n<\/ul>\n","protected":false},"excerpt":{"rendered":"<p>Pesaro liegt an der Adria, ist ein gem\u00fctlicher Badeort; seit Beginn des Jahrhunderts, \u00e4u\u00dferte seine Berufung zur Gastlichkeit. Es bietet eine breite Sandstrand, gut ausgestattet, mit ruhigem Wasser und seichtem Wasser, zur Unterhaltung von Kindern und Erwachsenen mit vollem Vertrauen. Das historische Zentrum ist mit allen Annehmlichkeiten eines organisierten Kapital ausgestattet. Innerhalb weniger Minuten k\u00f6nnen Sie Villen und kleine D\u00f6rfer zu erreichen: die Villa Caprile des achtzehnten Jahrhunderts mit seinen &#8230;<\/p>\n","protected":false},"author":1,"featured_media":0,"parent":0,"menu_order":0,"comment_status":"closed","ping_status":"closed","template":"","meta":{"_acf_changed":false},"class_list":["post-575","page","type-page","status-publish","hentry"],"acf":[],"_links":{"self":[{"href":"https:\/\/www.hmed.it\/de\/wp-json\/wp\/v2\/pages\/575","targetHints":{"allow":["GET"]}}],"collection":[{"href":"https:\/\/www.hmed.it\/de\/wp-json\/wp\/v2\/pages"}],"about":[{"href":"https:\/\/www.hmed.it\/de\/wp-json\/wp\/v2\/types\/page"}],"author":[{"embeddable":true,"href":"https:\/\/www.hmed.it\/de\/wp-json\/wp\/v2\/users\/1"}],"replies":[{"embeddable":true,"href":"https:\/\/www.hmed.it\/de\/wp-json\/wp\/v2\/comments?post=575"}],"version-history":[{"count":0,"href":"https:\/\/www.hmed.it\/de\/wp-json\/wp\/v2\/pages\/575\/revisions"}],"wp:attachment":[{"href":"https:\/\/www.hmed.it\/de\/wp-json\/wp\/v2\/media?parent=575"}],"curies":[{"name":"wp","href":"https:\/\/api.w.org\/{rel}","templated":true}]}}