{"id":572,"date":"2017-08-08T16:08:13","date_gmt":"2017-08-08T14:08:13","guid":{"rendered":"https:\/\/www.hmed.it\/data-to-send-deposit\/"},"modified":"2017-08-23T16:26:57","modified_gmt":"2017-08-23T14:26:57","slug":"daten-zu-senden-anzahlung","status":"publish","type":"page","link":"https:\/\/www.hmed.it\/de\/daten-zu-senden-anzahlung\/","title":{"rendered":"Daten zu senden Anzahlung"},"content":{"rendered":"<h2>Nachdem Sie eine Reservierung per Telefon oder E-Mail, m\u00fcssen Sie eine Einzahlung zu senden.<\/h2>\n<p>Bei dem <strong>Postanweisung<\/strong> oder <strong>Bank\u00fcberweisung<\/strong> erfolgen.<\/p>\n<p>&nbsp;<\/p>\n<h3><strong>Bank\u00fcberweisung<\/strong>:<\/h3>\n<p>Bank of Credit Cooperative von Gradara (Niederlassung von Pesaro)<br \/>\nC \/ C 000090100375<br \/>\nABI 8578 &#8211; CAB 13300 &#8211; CIN F &#8211; IBAN IT87\/F08578133 00000090100375<br \/>\nBIC \/ SWIFT ICRAITMMG20<br \/>\nKausalen: Anzahlung Reservierung von &#8230; bis &#8230; Familie &#8230;<\/p>\n<ul>\n<li><strong>Im Falle der Annullierung, gibt es keine R\u00fcckerstattung der Anzahlung.<\/strong><\/li>\n<li><strong>Eine Untebrechung im Voraus f\u00fcr Ihren Aufenthalt, f\u00fcr drei \u00dcbernachtungen berechnet, nach der Periode.<\/strong><\/li>\n<\/ul>\n","protected":false},"excerpt":{"rendered":"<p>Nachdem Sie eine Reservierung per Telefon oder E-Mail, m\u00fcssen Sie eine Einzahlung zu senden. Bei dem Postanweisung oder Bank\u00fcberweisung erfolgen. &nbsp; Bank\u00fcberweisung: Bank of Credit Cooperative von Gradara (Niederlassung von Pesaro) C \/ C 000090100375 ABI 8578 &#8211; CAB 13300 &#8211; CIN F &#8211; IBAN IT87\/F08578133 00000090100375 BIC \/ SWIFT ICRAITMMG20 Kausalen: Anzahlung Reservierung von &#8230; bis &#8230; Familie &#8230; Im Falle der Annullierung, gibt es keine R\u00fcckerstattung der Anzahlung. &#8230;<\/p>\n","protected":false},"author":1,"featured_media":0,"parent":0,"menu_order":0,"comment_status":"closed","ping_status":"closed","template":"","meta":{"_acf_changed":false},"class_list":["post-572","page","type-page","status-publish","hentry"],"acf":[],"_links":{"self":[{"href":"https:\/\/www.hmed.it\/de\/wp-json\/wp\/v2\/pages\/572","targetHints":{"allow":["GET"]}}],"collection":[{"href":"https:\/\/www.hmed.it\/de\/wp-json\/wp\/v2\/pages"}],"about":[{"href":"https:\/\/www.hmed.it\/de\/wp-json\/wp\/v2\/types\/page"}],"author":[{"embeddable":true,"href":"https:\/\/www.hmed.it\/de\/wp-json\/wp\/v2\/users\/1"}],"replies":[{"embeddable":true,"href":"https:\/\/www.hmed.it\/de\/wp-json\/wp\/v2\/comments?post=572"}],"version-history":[{"count":0,"href":"https:\/\/www.hmed.it\/de\/wp-json\/wp\/v2\/pages\/572\/revisions"}],"wp:attachment":[{"href":"https:\/\/www.hmed.it\/de\/wp-json\/wp\/v2\/media?parent=572"}],"curies":[{"name":"wp","href":"https:\/\/api.w.org\/{rel}","templated":true}]}}