{"id":569,"date":"2017-08-07T18:12:18","date_gmt":"2017-08-07T16:12:18","guid":{"rendered":"https:\/\/www.hmed.it\/pricelist\/"},"modified":"2017-08-24T10:02:31","modified_gmt":"2017-08-24T08:02:31","slug":"preisliste","status":"publish","type":"page","link":"https:\/\/www.hmed.it\/de\/preisliste\/","title":{"rendered":"Preisliste 2017 Entdecken Sie unser neues All-Inklusive-Angebot"},"content":{"rendered":"<h2><span id=\"result_box\" class=\"short_text\" lang=\"en\" tabindex=\"-1\"><span id=\"result_box\" class=\"short_text\" lang=\"de\" tabindex=\"-1\"><span class=\"\">Rabatte und Aktionen<\/span><\/span><\/span><\/h2>\n<table style=\"height: 246px;\" width=\"1059\">\n<thead>\n<tr style=\"background-color: #78bcb2;\">\n<td style=\"width: 257px; text-align: center;\">\n<h3>Periode<\/h3>\n<\/td>\n<td style=\"width: 258px; text-align: center;\">\n<h3>B&amp;B<\/h3>\n<\/td>\n<td style=\"width: 258px; text-align: center;\">\n<h3><span id=\"result_box\" class=\"short_text\" lang=\"de\" tabindex=\"-1\"><span class=\"\">Halbpension<\/span><\/span><\/h3>\n<\/td>\n<td style=\"width: 258px; text-align: center;\">\n<h3><span id=\"result_box\" class=\"short_text\" lang=\"de\" tabindex=\"-1\">Vollpension<\/span><\/h3>\n<\/td>\n<\/tr>\n<\/thead>\n<tbody>\n<tr>\n<td style=\"width: 257px; text-align: center;\">\n<h4><strong>\u00a001\/01\/17 &#8211; 31\/05\/17<\/strong><\/h4>\n<\/td>\n<td style=\"width: 258px; text-align: center;\">\n<h4><strong>\u00a0\u20ac 37,00<\/strong><\/h4>\n<\/td>\n<td style=\"width: 258px; text-align: center;\">\n<h4><strong>\u00a0\u00a0\u20ac 47,00<\/strong><\/h4>\n<\/td>\n<td style=\"width: 258px; text-align: center;\">\n<h4><strong>\u00a0 \u20ac 49,00<\/strong><\/h4>\n<\/td>\n<\/tr>\n<tr>\n<td style=\"width: 257px; text-align: center;\">\n<h4><strong>\u00a0\u00a001\/06\/17 &#8211; 30\/06\/17<\/strong><\/h4>\n<\/td>\n<td style=\"width: 258px; text-align: center;\">\n<h4><strong>\u00a0 \u20ac 44,00<\/strong><\/h4>\n<\/td>\n<td style=\"width: 258px; text-align: center;\">\n<h4><strong>\u00a0\u20ac 55,00<\/strong><\/h4>\n<\/td>\n<td style=\"width: 258px; text-align: center;\">\n<h4><strong>\u00a0 \u20ac 57,00<\/strong><\/h4>\n<\/td>\n<\/tr>\n<tr>\n<td style=\"width: 257px; text-align: center;\">\n<h4><strong>\u00a0\u00a001\/07\/16 &#8211; 04\/08\/17<\/strong><\/h4>\n<\/td>\n<td style=\"width: 258px; text-align: center;\">\n<h4><strong>\u00a0 \u20ac 50,00<\/strong><\/h4>\n<\/td>\n<td style=\"width: 258px; text-align: center;\">\n<h4><strong>\u00a0\u20ac 60,00<\/strong><\/h4>\n<\/td>\n<td style=\"width: 258px; text-align: center;\">\n<h4><strong>\u00a0 \u20ac 63,00<\/strong><\/h4>\n<\/td>\n<\/tr>\n<tr>\n<td style=\"width: 257px; text-align: center;\">\n<h4><strong>\u00a0 05\/08\/17 &#8211; 22\/08\/17<\/strong><\/h4>\n<\/td>\n<td style=\"width: 258px; text-align: center;\">\n<h4><strong>\u00a0\u20ac 73,00<\/strong><\/h4>\n<\/td>\n<td style=\"width: 258px; text-align: center;\">\n<h4><strong>\u00a0\u20ac 75,00<\/strong><\/h4>\n<\/td>\n<td style=\"width: 258px; text-align: center;\">\n<h4><strong>\u00a0\u20ac 78,00<\/strong><\/h4>\n<\/td>\n<\/tr>\n<tr>\n<td style=\"width: 257px; text-align: center;\">\n<h4><strong>\u00a023\/08\/17 &#8211; 01\/09\/17<\/strong><\/h4>\n<\/td>\n<td style=\"width: 258px; text-align: center;\">\n<h4><strong>\u00a0 \u20ac 50,00<\/strong><\/h4>\n<\/td>\n<td style=\"width: 258px; text-align: center;\">\n<h4><strong>\u00a0\u20ac 60,00<\/strong><\/h4>\n<\/td>\n<td style=\"width: 258px; text-align: center;\">\n<h4><strong>\u00a0 \u20ac 63,00<\/strong><\/h4>\n<\/td>\n<\/tr>\n<tr>\n<td style=\"width: 257px; text-align: center;\">\n<h4><strong>\u00a0\u00a002\/09\/17 &#8211; 11\/09\/17<\/strong><\/h4>\n<\/td>\n<td style=\"width: 258px; text-align: center;\">\n<h4><strong>\u00a0\u20ac 44,00<\/strong><\/h4>\n<\/td>\n<td style=\"width: 258px; text-align: center;\">\n<h4><strong>\u00a0\u20ac 55,00<\/strong><\/h4>\n<\/td>\n<td style=\"width: 258px; text-align: center;\">\n<h4><strong>\u00a0\u20ac 57,00<\/strong><\/h4>\n<\/td>\n<\/tr>\n<tr>\n<td style=\"width: 257px; text-align: center;\">\n<h4><strong>\u00a0\u00a012\/09\/17 &#8211; 31\/12\/17<\/strong><\/h4>\n<\/td>\n<td style=\"width: 258px; text-align: center;\">\n<h4><strong>\u00a0 \u20ac 37,00<\/strong><\/h4>\n<\/td>\n<td style=\"width: 258px; text-align: center;\">\n<h4><strong>\u00a0\u20ac 47,00<\/strong><\/h4>\n<\/td>\n<td style=\"width: 258px; text-align: center;\">\n<h4><strong>\u00a0\u20ac 49,00<\/strong><\/h4>\n<\/td>\n<\/tr>\n<\/tbody>\n<\/table>\n<p><strong>Die Preise sind pro Tag pro Person in Vollpension. Minimum 3 Tage. <\/strong><\/p>\n<p>&#8230;&#8230;&#8230;&#8230;&#8230;&#8230;&#8230;&#8230;&#8230;&#8230;&#8230;&#8230;&#8230;&#8230;&#8230;&#8230;&#8230;&#8230;&#8230;&#8230;&#8230;&#8230;&#8230;&#8230;&#8230;&#8230;&#8230;&#8230;&#8230;&#8230;&#8230;&#8230;&#8230;&#8230;&#8230;&#8230;&#8230;&#8230;&#8230;&#8230;&#8230;&#8230;&#8230;&#8230;&#8230;&#8230;&#8230;&#8230;&#8230;&#8230;&#8230;&#8230;&#8230;&#8230;&#8230;&#8230;&#8230;&#8230;&#8230;&#8230;&#8230;&#8230;&#8230;&#8230;&#8230;&#8230;&#8230;&#8230;&#8230;&#8230;&#8230;&#8230;&#8230;&#8230;&#8230;&#8230;&#8230;&#8230;<\/p>\n<h2>Zuschlage:<\/h2>\n<ul>\n<li>Zuschlag <strong>\u20ac 3,00<\/strong> pro Tag, pro Person f\u00fcr Urlaub unterer 3 Tage<\/li>\n<li><strong>Zimmer mit Meerblick<\/strong>: \u20ac 2,00 pro Tag pro Person<\/li>\n<li><strong>Einzelzimmer<\/strong>: \u20ac 10,00 pro Tag (vom 01.08 bis 25.08 + \u20ac 15,00)<\/li>\n<li><strong>Doppelzimmer f\u00fcr Einzelzimmer<\/strong>: \u20ac 10,00 pro Tag (vom 25.07 bis 25.08 + 50% der Preis)<\/li>\n<li><strong>Kinderbett<\/strong>: \u20ac 10,00 pro Tag<\/li>\n<li><strong>Haustiere<\/strong>: \u20ac 2,00 pro Tag und + \u20ac 10,00 am Ende Urlaub<\/li>\n<\/ul>\n<p>Zimmer sind ab 12.00 Uhr f\u00fcr ankommende G\u00e4ste bereit. Abreisende G\u00e4ste r\u00e4umen ihr Zimmer bis 09.00 Uhr.<\/p>\n<p>&#8230;&#8230;&#8230;&#8230;&#8230;&#8230;&#8230;&#8230;&#8230;&#8230;&#8230;&#8230;&#8230;&#8230;&#8230;&#8230;&#8230;&#8230;&#8230;&#8230;&#8230;&#8230;&#8230;&#8230;&#8230;&#8230;&#8230;&#8230;&#8230;&#8230;&#8230;&#8230;&#8230;&#8230;&#8230;&#8230;&#8230;&#8230;&#8230;&#8230;&#8230;&#8230;&#8230;&#8230;&#8230;&#8230;&#8230;&#8230;&#8230;&#8230;&#8230;&#8230;&#8230;&#8230;&#8230;&#8230;&#8230;&#8230;&#8230;&#8230;&#8230;&#8230;&#8230;&#8230;&#8230;&#8230;&#8230;&#8230;&#8230;&#8230;&#8230;&#8230;&#8230;&#8230;&#8230;&#8230;&#8230;&#8230;<\/p>\n<h2><span id=\"result_box\" class=\"short_text\" lang=\"de\" tabindex=\"-1\">Spezial f\u00fcr Familie<\/span>:<\/h2>\n<ul>\n<li><strong>Rabatt 50%<\/strong> f\u00fcr 3\u00b0und 4\u00b0 Person in Zimmer (vom 01.08 bis 25.08 Rabatt 30%)<\/li>\n<\/ul>\n<p>&#8230;&#8230;&#8230;&#8230;&#8230;&#8230;&#8230;&#8230;&#8230;&#8230;&#8230;&#8230;&#8230;&#8230;&#8230;&#8230;&#8230;&#8230;&#8230;&#8230;&#8230;&#8230;&#8230;&#8230;&#8230;&#8230;&#8230;&#8230;&#8230;&#8230;&#8230;&#8230;&#8230;&#8230;&#8230;&#8230;&#8230;&#8230;&#8230;&#8230;&#8230;&#8230;&#8230;&#8230;&#8230;&#8230;&#8230;&#8230;&#8230;&#8230;&#8230;&#8230;&#8230;&#8230;&#8230;&#8230;&#8230;&#8230;&#8230;&#8230;&#8230;&#8230;&#8230;&#8230;&#8230;&#8230;&#8230;&#8230;&#8230;&#8230;&#8230;&#8230;&#8230;&#8230;&#8230;&#8230;&#8230;&#8230;<\/p>\n<h2>Das Packet &#8220; All Inklusive &#8220; beinhaltet:<\/h2>\n<ul>\n<li><strong>Mineralwasser<\/strong> und <strong>Wein<\/strong> in Restaurant<\/li>\n<li><strong>1 Sonnenschirm + 2 Liegest\u00fchle am Strand<\/strong>, f\u00fcr Zimmer<\/li>\n<li><strong>Klimaanlage<\/strong> in Zimmer<\/li>\n<li>4 Stunde <strong>Internet Wi-fi<\/strong><\/li>\n<li><strong>Fahrrader<\/strong><\/li>\n<\/ul>\n<p><strong>Zuschlag Euro 10,00 pro Tag<\/strong>, pro Person.<br \/>\n<strong>Vom 08 bis 25 August<\/strong>: Euro 12,00 pro Tag, pro Person. Dritte und Vierte Person in Zimmer Euro 9,00 pro Tag.<br \/>\nMinimum 7 Tage.<\/p>\n<p>&nbsp;<\/p>\n<h3>\u00a0<a class=\"button-secondary edt-button-secondary \" target=\"_blank\" href=\"https:\/\/www.hmed.it\/de\/daten-zu-senden-anzahlung\/\">\u00a0<span id=\"result_box\" class=\"\" lang=\"de\" tabindex=\"-1\">N\u00fctzliche Informationen, um die Anzahlung zu zahlen<\/span> <\/a><\/h3>\n","protected":false},"excerpt":{"rendered":"<p>Rabatte und Aktionen Periode B&amp;B Halbpension Vollpension \u00a001\/01\/17 &#8211; 31\/05\/17 \u00a0\u20ac 37,00 \u00a0\u00a0\u20ac 47,00 \u00a0 \u20ac 49,00 \u00a0\u00a001\/06\/17 &#8211; 30\/06\/17 \u00a0 \u20ac 44,00 \u00a0\u20ac 55,00 \u00a0 \u20ac 57,00 \u00a0\u00a001\/07\/16 &#8211; 04\/08\/17 \u00a0 \u20ac 50,00 \u00a0\u20ac 60,00 \u00a0 \u20ac 63,00 \u00a0 05\/08\/17 &#8211; 22\/08\/17 \u00a0\u20ac 73,00 \u00a0\u20ac 75,00 \u00a0\u20ac 78,00 \u00a023\/08\/17 &#8211; 01\/09\/17 \u00a0 \u20ac 50,00 \u00a0\u20ac 60,00 \u00a0 \u20ac 63,00 \u00a0\u00a002\/09\/17 &#8211; 11\/09\/17 \u00a0\u20ac 44,00 \u00a0\u20ac 55,00 \u00a0\u20ac 57,00 \u00a0\u00a012\/09\/17 &#8230;<\/p>\n","protected":false},"author":1,"featured_media":0,"parent":0,"menu_order":0,"comment_status":"closed","ping_status":"closed","template":"","meta":{"_acf_changed":false},"class_list":["post-569","page","type-page","status-publish","hentry"],"acf":[],"_links":{"self":[{"href":"https:\/\/www.hmed.it\/de\/wp-json\/wp\/v2\/pages\/569","targetHints":{"allow":["GET"]}}],"collection":[{"href":"https:\/\/www.hmed.it\/de\/wp-json\/wp\/v2\/pages"}],"about":[{"href":"https:\/\/www.hmed.it\/de\/wp-json\/wp\/v2\/types\/page"}],"author":[{"embeddable":true,"href":"https:\/\/www.hmed.it\/de\/wp-json\/wp\/v2\/users\/1"}],"replies":[{"embeddable":true,"href":"https:\/\/www.hmed.it\/de\/wp-json\/wp\/v2\/comments?post=569"}],"version-history":[{"count":0,"href":"https:\/\/www.hmed.it\/de\/wp-json\/wp\/v2\/pages\/569\/revisions"}],"wp:attachment":[{"href":"https:\/\/www.hmed.it\/de\/wp-json\/wp\/v2\/media?parent=569"}],"curies":[{"name":"wp","href":"https:\/\/api.w.org\/{rel}","templated":true}]}}